{"id":3,"date":"2022-12-28T19:02:48","date_gmt":"2022-12-28T19:02:48","guid":{"rendered":"http:\/\/enigtime.fr\/?page_id=3"},"modified":"2023-04-01T12:45:23","modified_gmt":"2023-04-01T12:45:23","slug":"privacy-policy","status":"publish","type":"page","link":"https:\/\/enigtime.fr\/?page_id=3","title":{"rendered":"Politique de confidentialit\u00e9"},"content":{"rendered":"\t\t<div data-elementor-type=\"wp-page\" data-elementor-id=\"3\" class=\"elementor elementor-3\">\n\t\t\t\t\t\t<section class=\"elementor-section elementor-top-section elementor-element elementor-element-5be29c1a elementor-section-boxed elementor-section-height-default elementor-section-height-default wpr-particle-no wpr-jarallax-no wpr-parallax-no wpr-sticky-section-no wpr-column-slider-no wpr-equal-height-no\" data-id=\"5be29c1a\" data-element_type=\"section\" data-e-type=\"section\" data-settings=\"{&quot;background_background&quot;:&quot;classic&quot;}\">\n\t\t\t\t\t\t<div class=\"elementor-container elementor-column-gap-default\">\n\t\t\t\t\t<div class=\"elementor-column elementor-col-100 elementor-top-column elementor-element elementor-element-71879196\" data-id=\"71879196\" data-element_type=\"column\" data-e-type=\"column\">\n\t\t\t<div class=\"elementor-widget-wrap elementor-element-populated\">\n\t\t\t\t\t\t<div class=\"elementor-element elementor-element-537e1940 elementor-widget elementor-widget-text-editor\" data-id=\"537e1940\" data-element_type=\"widget\" data-e-type=\"widget\" data-widget_type=\"text-editor.default\">\n\t\t\t\t<div class=\"elementor-widget-container\">\n\t\t\t\t\t\t\t\t\t\n<p>Politique de confidentialit\u00e9<\/p>\n<p>La confidentialit\u00e9 des donn\u00e9es de nos utilisateurs est d&rsquo;une importance primordiale pour nous. Cette politique de confidentialit\u00e9 d\u00e9crit comment nous recueillons, utilisons et partageons les informations personnelles que nous recueillons \u00e0 travers notre site internet.<\/p>\n<p>Collecte de l&rsquo;information<\/p>\n<p>Nous collectons des informations personnelles telles que le pseudo, l&rsquo;adresse e-mail et la cl\u00e9 publique METAMASK lorsqu&rsquo;un utilisateur r\u00e9pond sur notre site internet et remplit un formulaire.<\/p>\n<p>Utilisation de l&rsquo;information<\/p>\n<p>Nous pouvons utiliser les informations personnelles recueillies aupr\u00e8s de nos utilisateurs pour les aider \u00e0 personnaliser leur exp\u00e9rience sur notre site internet et pour am\u00e9liorer notre service client. Nous pouvons \u00e9galement utiliser ces informations pour communiquer avec nos utilisateurs par e-mail, t\u00e9l\u00e9phone ou courrier postal concernant les mises \u00e0 jour de nos produits ou services.<\/p>\n<p>Protection de l&rsquo;information<\/p>\n<p>Nous prenons des mesures de s\u00e9curit\u00e9 appropri\u00e9es pour prot\u00e9ger les informations personnelles de nos utilisateurs contre toute utilisation abusive, perte, acc\u00e8s non autoris\u00e9 ou divulgation.<\/p>\n<p>Partage de l&rsquo;information<\/p>\n<p>Nous ne vendons pas, n&rsquo;\u00e9changeons pas ou ne louons pas les informations personnelles de nos utilisateurs \u00e0 des tiers. Nous pouvons toutefois partager ces informations avec des tiers de confiance qui nous aident \u00e0 exploiter notre site internet ou \u00e0 fournir des services \u00e0 nos utilisateurs.<\/p>\n<p>Cookies<\/p>\n<p>Notre site internet utilise des cookies pour suivre les pr\u00e9f\u00e9rences de nos utilisateurs et am\u00e9liorer leur exp\u00e9rience sur notre site. Les utilisateurs peuvent choisir de refuser les cookies en modifiant les param\u00e8tres de leur navigateur, mais cela peut entra\u00eener une exp\u00e9rience utilisateur limit\u00e9e.<\/p>\n<p>Liens externes<\/p>\n<p>Notre site internet peut contenir des liens vers des sites externes qui ne sont pas exploit\u00e9s par nous. Nous n&rsquo;avons aucun contr\u00f4le sur le contenu et les pratiques de confidentialit\u00e9 de ces sites externes et nous d\u00e9clinons toute responsabilit\u00e9 \u00e0 leur \u00e9gard.<\/p>\n<p>Modifications de la politique de confidentialit\u00e9<\/p>\n<p>Nous nous r\u00e9servons le droit de modifier cette politique de confidentialit\u00e9 \u00e0 tout moment en publiant une nouvelle version sur notre site internet. Il est de la responsabilit\u00e9 de l&rsquo;utilisateur de v\u00e9rifier r\u00e9guli\u00e8rement cette page pour prendre connaissance des \u00e9ventuelles modifications.<\/p>\n<p>Contactez-nous<\/p>\n<p>Si vous avez des questions ou des pr\u00e9occupations concernant notre politique de confidentialit\u00e9, veuillez nous contacter \u00e0 l&rsquo;adresse e-mail suivante : contact@enigtime.fr<\/p>\n\t\t\t\t\t\t\t\t<\/div>\n\t\t\t\t<\/div>\n\t\t\t\t\t<\/div>\n\t\t<\/div>\n\t\t\t\t\t<\/div>\n\t\t<\/section>\n\t\t\t\t<\/div>\n\t\t","protected":false},"excerpt":{"rendered":"<p>Politique de confidentialit\u00e9 La confidentialit\u00e9 des donn\u00e9es de nos utilisateurs est d&rsquo;une importance primordiale pour nous. Cette politique de confidentialit\u00e9 d\u00e9crit comment nous recueillons, utilisons et partageons les informations personnelles que nous recueillons \u00e0 travers notre site internet. Collecte de l&rsquo;information Nous collectons des informations personnelles telles que le pseudo, l&rsquo;adresse e-mail et la cl\u00e9 publique METAMASK lorsqu&rsquo;un utilisateur r\u00e9pond sur notre site internet et remplit un formulaire. Utilisation de l&rsquo;information Nous pouvons utiliser les informations personnelles recueillies aupr\u00e8s de nos utilisateurs pour les aider \u00e0 personnaliser leur exp\u00e9rience sur notre site internet et pour am\u00e9liorer notre service client. Nous pouvons \u00e9galement utiliser ces informations pour communiquer avec nos utilisateurs par e-mail, t\u00e9l\u00e9phone ou courrier postal concernant les mises \u00e0 jour de nos produits ou services. Protection de l&rsquo;information Nous prenons des mesures de s\u00e9curit\u00e9 appropri\u00e9es pour prot\u00e9ger les informations personnelles de nos utilisateurs contre toute utilisation abusive, perte, acc\u00e8s non autoris\u00e9 ou divulgation. Partage de l&rsquo;information Nous ne vendons pas, n&rsquo;\u00e9changeons pas ou ne louons pas les informations personnelles de nos utilisateurs \u00e0 des tiers. Nous pouvons toutefois partager ces informations avec des tiers de confiance qui nous aident \u00e0 exploiter notre site internet ou \u00e0 fournir des services \u00e0 nos utilisateurs. Cookies Notre site internet utilise des cookies pour suivre les pr\u00e9f\u00e9rences de nos utilisateurs et am\u00e9liorer leur exp\u00e9rience sur notre site. Les utilisateurs peuvent choisir de refuser les cookies en modifiant les param\u00e8tres de leur navigateur, mais cela peut entra\u00eener une exp\u00e9rience utilisateur limit\u00e9e. Liens externes Notre site internet peut contenir des liens vers des sites externes qui ne sont pas exploit\u00e9s par nous. Nous n&rsquo;avons aucun contr\u00f4le sur le contenu et les pratiques de confidentialit\u00e9 de ces sites externes et nous d\u00e9clinons toute responsabilit\u00e9 \u00e0 leur \u00e9gard. Modifications de la politique de confidentialit\u00e9 Nous nous r\u00e9servons le droit de modifier cette politique de confidentialit\u00e9 \u00e0 tout moment en publiant une nouvelle version sur notre site internet. Il est de la responsabilit\u00e9 de l&rsquo;utilisateur de v\u00e9rifier r\u00e9guli\u00e8rement cette page pour prendre connaissance des \u00e9ventuelles modifications. Contactez-nous Si vous avez des questions ou des pr\u00e9occupations concernant notre politique de confidentialit\u00e9, veuillez nous contacter \u00e0 l&rsquo;adresse e-mail suivante : contact@enigtime.fr<\/p>\n","protected":false},"author":1,"featured_media":0,"parent":0,"menu_order":0,"comment_status":"closed","ping_status":"open","template":"","meta":{"om_disable_all_campaigns":false,"_monsterinsights_skip_tracking":false,"_monsterinsights_sitenote_active":false,"_monsterinsights_sitenote_note":"","_monsterinsights_sitenote_category":0,"_themeisle_gutenberg_block_has_review":false,"footnotes":""},"class_list":["post-3","page","type-page","status-publish","hentry"],"yoast_head":"<!-- This site is optimized with the Yoast SEO plugin v26.8 - https:\/\/yoast.com\/product\/yoast-seo-wordpress\/ -->\n<title>Politique de confidentialit\u00e9 - enigtime.fr<\/title>\n<meta name=\"robots\" content=\"index, follow, max-snippet:-1, max-image-preview:large, max-video-preview:-1\" \/>\n<link rel=\"canonical\" href=\"https:\/\/enigtime.fr\/?page_id=3\" \/>\n<meta property=\"og:locale\" content=\"fr_FR\" \/>\n<meta property=\"og:type\" content=\"article\" \/>\n<meta property=\"og:title\" content=\"Politique de confidentialit\u00e9 - enigtime.fr\" \/>\n<meta property=\"og:description\" content=\"Politique de confidentialit\u00e9 La confidentialit\u00e9 des donn\u00e9es de nos utilisateurs est d&rsquo;une importance primordiale pour nous. Cette politique de confidentialit\u00e9 d\u00e9crit comment nous recueillons, utilisons et partageons les informations personnelles que nous recueillons \u00e0 travers notre site internet. Collecte de l&rsquo;information Nous collectons des informations personnelles telles que le pseudo, l&rsquo;adresse e-mail et la cl\u00e9 publique METAMASK lorsqu&rsquo;un utilisateur r\u00e9pond sur notre site internet et remplit un formulaire. Utilisation de l&rsquo;information Nous pouvons utiliser les informations personnelles recueillies aupr\u00e8s de nos utilisateurs pour les aider \u00e0 personnaliser leur exp\u00e9rience sur notre site internet et pour am\u00e9liorer notre service client. Nous pouvons \u00e9galement utiliser ces informations pour communiquer avec nos utilisateurs par e-mail, t\u00e9l\u00e9phone ou courrier postal concernant les mises \u00e0 jour de nos produits ou services. Protection de l&rsquo;information Nous prenons des mesures de s\u00e9curit\u00e9 appropri\u00e9es pour prot\u00e9ger les informations personnelles de nos utilisateurs contre toute utilisation abusive, perte, acc\u00e8s non autoris\u00e9 ou divulgation. Partage de l&rsquo;information Nous ne vendons pas, n&rsquo;\u00e9changeons pas ou ne louons pas les informations personnelles de nos utilisateurs \u00e0 des tiers. Nous pouvons toutefois partager ces informations avec des tiers de confiance qui nous aident \u00e0 exploiter notre site internet ou \u00e0 fournir des services \u00e0 nos utilisateurs. Cookies Notre site internet utilise des cookies pour suivre les pr\u00e9f\u00e9rences de nos utilisateurs et am\u00e9liorer leur exp\u00e9rience sur notre site. Les utilisateurs peuvent choisir de refuser les cookies en modifiant les param\u00e8tres de leur navigateur, mais cela peut entra\u00eener une exp\u00e9rience utilisateur limit\u00e9e. Liens externes Notre site internet peut contenir des liens vers des sites externes qui ne sont pas exploit\u00e9s par nous. Nous n&rsquo;avons aucun contr\u00f4le sur le contenu et les pratiques de confidentialit\u00e9 de ces sites externes et nous d\u00e9clinons toute responsabilit\u00e9 \u00e0 leur \u00e9gard. Modifications de la politique de confidentialit\u00e9 Nous nous r\u00e9servons le droit de modifier cette politique de confidentialit\u00e9 \u00e0 tout moment en publiant une nouvelle version sur notre site internet. Il est de la responsabilit\u00e9 de l&rsquo;utilisateur de v\u00e9rifier r\u00e9guli\u00e8rement cette page pour prendre connaissance des \u00e9ventuelles modifications. Contactez-nous Si vous avez des questions ou des pr\u00e9occupations concernant notre politique de confidentialit\u00e9, veuillez nous contacter \u00e0 l&rsquo;adresse e-mail suivante : contact@enigtime.fr\" \/>\n<meta property=\"og:url\" content=\"https:\/\/enigtime.fr\/?page_id=3\" \/>\n<meta property=\"og:site_name\" content=\"enigtime.fr\" \/>\n<meta property=\"article:modified_time\" content=\"2023-04-01T12:45:23+00:00\" \/>\n<meta property=\"og:image\" content=\"https:\/\/enigtime.fr\/wp-content\/uploads\/2023\/04\/logo1.jpg\" \/>\n\t<meta property=\"og:image:width\" content=\"1200\" \/>\n\t<meta property=\"og:image:height\" content=\"1200\" \/>\n\t<meta property=\"og:image:type\" content=\"image\/jpeg\" \/>\n<meta name=\"twitter:card\" content=\"summary_large_image\" \/>\n<meta name=\"twitter:site\" content=\"@enigtime\" \/>\n<meta name=\"twitter:label1\" content=\"Dur\u00e9e de lecture estim\u00e9e\" \/>\n\t<meta name=\"twitter:data1\" content=\"2 minutes\" \/>\n<script type=\"application\/ld+json\" class=\"yoast-schema-graph\">{\"@context\":\"https:\/\/schema.org\",\"@graph\":[{\"@type\":\"WebPage\",\"@id\":\"https:\/\/enigtime.fr\/?page_id=3\",\"url\":\"https:\/\/enigtime.fr\/?page_id=3\",\"name\":\"Politique de confidentialit\u00e9 - enigtime.fr\",\"isPartOf\":{\"@id\":\"https:\/\/enigtime.fr\/#website\"},\"datePublished\":\"2022-12-28T19:02:48+00:00\",\"dateModified\":\"2023-04-01T12:45:23+00:00\",\"breadcrumb\":{\"@id\":\"https:\/\/enigtime.fr\/?page_id=3#breadcrumb\"},\"inLanguage\":\"fr-FR\",\"potentialAction\":[{\"@type\":\"ReadAction\",\"target\":[\"https:\/\/enigtime.fr\/?page_id=3\"]}]},{\"@type\":\"BreadcrumbList\",\"@id\":\"https:\/\/enigtime.fr\/?page_id=3#breadcrumb\",\"itemListElement\":[{\"@type\":\"ListItem\",\"position\":1,\"name\":\"Accueil\",\"item\":\"https:\/\/enigtime.fr\/\"},{\"@type\":\"ListItem\",\"position\":2,\"name\":\"Politique de confidentialit\u00e9\"}]},{\"@type\":\"WebSite\",\"@id\":\"https:\/\/enigtime.fr\/#website\",\"url\":\"https:\/\/enigtime.fr\/\",\"name\":\"enigtime.fr\",\"description\":\"Il est temps de la jouer efficace\",\"publisher\":{\"@id\":\"https:\/\/enigtime.fr\/#organization\"},\"potentialAction\":[{\"@type\":\"SearchAction\",\"target\":{\"@type\":\"EntryPoint\",\"urlTemplate\":\"https:\/\/enigtime.fr\/?s={search_term_string}\"},\"query-input\":{\"@type\":\"PropertyValueSpecification\",\"valueRequired\":true,\"valueName\":\"search_term_string\"}}],\"inLanguage\":\"fr-FR\"},{\"@type\":\"Organization\",\"@id\":\"https:\/\/enigtime.fr\/#organization\",\"name\":\"enigtime\",\"url\":\"https:\/\/enigtime.fr\/\",\"logo\":{\"@type\":\"ImageObject\",\"inLanguage\":\"fr-FR\",\"@id\":\"https:\/\/enigtime.fr\/#\/schema\/logo\/image\/\",\"url\":\"https:\/\/enigtime.fr\/wp-content\/uploads\/2023\/03\/cropped-0001-0240-1.gif\",\"contentUrl\":\"https:\/\/enigtime.fr\/wp-content\/uploads\/2023\/03\/cropped-0001-0240-1.gif\",\"width\":512,\"height\":512,\"caption\":\"enigtime\"},\"image\":{\"@id\":\"https:\/\/enigtime.fr\/#\/schema\/logo\/image\/\"},\"sameAs\":[\"https:\/\/x.com\/enigtime\"]}]}<\/script>\n<!-- \/ Yoast SEO plugin. -->","yoast_head_json":{"title":"Politique de confidentialit\u00e9 - enigtime.fr","robots":{"index":"index","follow":"follow","max-snippet":"max-snippet:-1","max-image-preview":"max-image-preview:large","max-video-preview":"max-video-preview:-1"},"canonical":"https:\/\/enigtime.fr\/?page_id=3","og_locale":"fr_FR","og_type":"article","og_title":"Politique de confidentialit\u00e9 - enigtime.fr","og_description":"Politique de confidentialit\u00e9 La confidentialit\u00e9 des donn\u00e9es de nos utilisateurs est d&rsquo;une importance primordiale pour nous. Cette politique de confidentialit\u00e9 d\u00e9crit comment nous recueillons, utilisons et partageons les informations personnelles que nous recueillons \u00e0 travers notre site internet. Collecte de l&rsquo;information Nous collectons des informations personnelles telles que le pseudo, l&rsquo;adresse e-mail et la cl\u00e9 publique METAMASK lorsqu&rsquo;un utilisateur r\u00e9pond sur notre site internet et remplit un formulaire. Utilisation de l&rsquo;information Nous pouvons utiliser les informations personnelles recueillies aupr\u00e8s de nos utilisateurs pour les aider \u00e0 personnaliser leur exp\u00e9rience sur notre site internet et pour am\u00e9liorer notre service client. Nous pouvons \u00e9galement utiliser ces informations pour communiquer avec nos utilisateurs par e-mail, t\u00e9l\u00e9phone ou courrier postal concernant les mises \u00e0 jour de nos produits ou services. Protection de l&rsquo;information Nous prenons des mesures de s\u00e9curit\u00e9 appropri\u00e9es pour prot\u00e9ger les informations personnelles de nos utilisateurs contre toute utilisation abusive, perte, acc\u00e8s non autoris\u00e9 ou divulgation. Partage de l&rsquo;information Nous ne vendons pas, n&rsquo;\u00e9changeons pas ou ne louons pas les informations personnelles de nos utilisateurs \u00e0 des tiers. Nous pouvons toutefois partager ces informations avec des tiers de confiance qui nous aident \u00e0 exploiter notre site internet ou \u00e0 fournir des services \u00e0 nos utilisateurs. Cookies Notre site internet utilise des cookies pour suivre les pr\u00e9f\u00e9rences de nos utilisateurs et am\u00e9liorer leur exp\u00e9rience sur notre site. Les utilisateurs peuvent choisir de refuser les cookies en modifiant les param\u00e8tres de leur navigateur, mais cela peut entra\u00eener une exp\u00e9rience utilisateur limit\u00e9e. Liens externes Notre site internet peut contenir des liens vers des sites externes qui ne sont pas exploit\u00e9s par nous. Nous n&rsquo;avons aucun contr\u00f4le sur le contenu et les pratiques de confidentialit\u00e9 de ces sites externes et nous d\u00e9clinons toute responsabilit\u00e9 \u00e0 leur \u00e9gard. Modifications de la politique de confidentialit\u00e9 Nous nous r\u00e9servons le droit de modifier cette politique de confidentialit\u00e9 \u00e0 tout moment en publiant une nouvelle version sur notre site internet. Il est de la responsabilit\u00e9 de l&rsquo;utilisateur de v\u00e9rifier r\u00e9guli\u00e8rement cette page pour prendre connaissance des \u00e9ventuelles modifications. Contactez-nous Si vous avez des questions ou des pr\u00e9occupations concernant notre politique de confidentialit\u00e9, veuillez nous contacter \u00e0 l&rsquo;adresse e-mail suivante : contact@enigtime.fr","og_url":"https:\/\/enigtime.fr\/?page_id=3","og_site_name":"enigtime.fr","article_modified_time":"2023-04-01T12:45:23+00:00","og_image":[{"width":1200,"height":1200,"url":"https:\/\/enigtime.fr\/wp-content\/uploads\/2023\/04\/logo1.jpg","type":"image\/jpeg"}],"twitter_card":"summary_large_image","twitter_site":"@enigtime","twitter_misc":{"Dur\u00e9e de lecture estim\u00e9e":"2 minutes"},"schema":{"@context":"https:\/\/schema.org","@graph":[{"@type":"WebPage","@id":"https:\/\/enigtime.fr\/?page_id=3","url":"https:\/\/enigtime.fr\/?page_id=3","name":"Politique de confidentialit\u00e9 - enigtime.fr","isPartOf":{"@id":"https:\/\/enigtime.fr\/#website"},"datePublished":"2022-12-28T19:02:48+00:00","dateModified":"2023-04-01T12:45:23+00:00","breadcrumb":{"@id":"https:\/\/enigtime.fr\/?page_id=3#breadcrumb"},"inLanguage":"fr-FR","potentialAction":[{"@type":"ReadAction","target":["https:\/\/enigtime.fr\/?page_id=3"]}]},{"@type":"BreadcrumbList","@id":"https:\/\/enigtime.fr\/?page_id=3#breadcrumb","itemListElement":[{"@type":"ListItem","position":1,"name":"Accueil","item":"https:\/\/enigtime.fr\/"},{"@type":"ListItem","position":2,"name":"Politique de confidentialit\u00e9"}]},{"@type":"WebSite","@id":"https:\/\/enigtime.fr\/#website","url":"https:\/\/enigtime.fr\/","name":"enigtime.fr","description":"Il est temps de la jouer efficace","publisher":{"@id":"https:\/\/enigtime.fr\/#organization"},"potentialAction":[{"@type":"SearchAction","target":{"@type":"EntryPoint","urlTemplate":"https:\/\/enigtime.fr\/?s={search_term_string}"},"query-input":{"@type":"PropertyValueSpecification","valueRequired":true,"valueName":"search_term_string"}}],"inLanguage":"fr-FR"},{"@type":"Organization","@id":"https:\/\/enigtime.fr\/#organization","name":"enigtime","url":"https:\/\/enigtime.fr\/","logo":{"@type":"ImageObject","inLanguage":"fr-FR","@id":"https:\/\/enigtime.fr\/#\/schema\/logo\/image\/","url":"https:\/\/enigtime.fr\/wp-content\/uploads\/2023\/03\/cropped-0001-0240-1.gif","contentUrl":"https:\/\/enigtime.fr\/wp-content\/uploads\/2023\/03\/cropped-0001-0240-1.gif","width":512,"height":512,"caption":"enigtime"},"image":{"@id":"https:\/\/enigtime.fr\/#\/schema\/logo\/image\/"},"sameAs":["https:\/\/x.com\/enigtime"]}]}},"_links":{"self":[{"href":"https:\/\/enigtime.fr\/index.php?rest_route=\/wp\/v2\/pages\/3","targetHints":{"allow":["GET"]}}],"collection":[{"href":"https:\/\/enigtime.fr\/index.php?rest_route=\/wp\/v2\/pages"}],"about":[{"href":"https:\/\/enigtime.fr\/index.php?rest_route=\/wp\/v2\/types\/page"}],"author":[{"embeddable":true,"href":"https:\/\/enigtime.fr\/index.php?rest_route=\/wp\/v2\/users\/1"}],"replies":[{"embeddable":true,"href":"https:\/\/enigtime.fr\/index.php?rest_route=%2Fwp%2Fv2%2Fcomments&post=3"}],"version-history":[{"count":14,"href":"https:\/\/enigtime.fr\/index.php?rest_route=\/wp\/v2\/pages\/3\/revisions"}],"predecessor-version":[{"id":3710,"href":"https:\/\/enigtime.fr\/index.php?rest_route=\/wp\/v2\/pages\/3\/revisions\/3710"}],"wp:attachment":[{"href":"https:\/\/enigtime.fr\/index.php?rest_route=%2Fwp%2Fv2%2Fmedia&parent=3"}],"curies":[{"name":"wp","href":"https:\/\/api.w.org\/{rel}","templated":true}]}}